{"id":960,"date":"2020-09-15T09:51:01","date_gmt":"2020-09-15T09:51:01","guid":{"rendered":"https:\/\/lacostaholidays.com\/index.php\/home\/"},"modified":"2023-11-07T22:08:43","modified_gmt":"2023-11-07T21:08:43","slug":"home","status":"publish","type":"page","link":"https:\/\/lacostaholidays.com\/","title":{"rendered":"Home"},"content":{"rendered":"\n<div class=\"wp-block-uagb-container uagb-block-b4bdb975 alignfull uagb-is-root-container\"><div class=\"uagb-container-inner-blocks-wrap\">\n<div class=\"wp-block-uagb-info-box uagb-block-3b7e0e21 uagb-infobox__content-wrap  uagb-infobox-icon-above-title uagb-infobox-image-valign-top\"><div class=\"uagb-ifb-content\"><div class=\"uagb-ifb-title-wrap\"><span class=\"uagb-ifb-title-prefix\">La Costa Holidays<\/span><h1 class=\"uagb-ifb-title\">Earn Waves of Income with Your Second Home<\/h1><\/div><div class=\"uagb-ifb-button-wrapper wp-block-button\"><a href=\"#\" class=\"uagb-infobox-cta-link wp-block-button__link\" target=\"_self\" rel=\"noopener noreferrer\" onclick=\"return false;\" alt=\"\"><span class=\"uagb-inline-editing\">Contactar<\/span><\/a><\/div><\/div><\/div>\n<\/div><\/div>\n\n\n\n<div class=\"wp-block-uagb-container uagb-block-872b8b7f alignfull uagb-is-root-container\"><div class=\"uagb-container-inner-blocks-wrap\">\n<div class=\"wp-block-uagb-info-box uagb-block-04f073f9 uagb-infobox__content-wrap  uagb-infobox-icon-above-title uagb-infobox-image-valign-top\"><div class=\"uagb-ifb-content\"><div class=\"uagb-ifb-title-wrap\"><span class=\"uagb-ifb-title-prefix\">Sobre nosotros<\/span><h2 class=\"uagb-ifb-title\">You Earn, We Manage: Passive Income Made Simple<\/h2><\/div><p class=\"uagb-ifb-desc\">Nos ocupamos de todas las tareas relacionadas con la gesti\u00f3n de reservas, asistencia al cliente, comercializaci\u00f3n, marketing, entre otros aspectos.<\/p><\/div><\/div>\n\n\n\n<div class=\"wp-block-uagb-info-box uagb-block-92806181 uagb-infobox__content-wrap  uagb-infobox-icon-above-title uagb-infobox-image-valign-top\"><div class=\"uagb-ifb-content\"><div class=\"uagb-ifb-title-wrap\"><\/div><p class=\"uagb-ifb-desc\">Si tiene una segunda vivienda en Espa\u00f1a que pueda ser ideal para alquiler tur\u00edstico y quiere sacar provecho de ello contacte con nosotros ahora.<\/p><div class=\"uagb-ifb-button-wrapper wp-block-button\"><a href=\"#\" class=\"uagb-infobox-cta-link wp-block-button__link\" target=\"_self\" rel=\"noopener noreferrer\" onclick=\"return false;\" alt=\"\"><span class=\"uagb-inline-editing\">m\u00e1s informaci\u00f3n<\/span><\/a><\/div><\/div><\/div>\n<\/div><\/div>\n\n\n\n<div class=\"wp-block-uagb-info-box uagb-block-9cbd0177 uagb-infobox__content-wrap  uagb-infobox-icon-above-title uagb-infobox-image-valign-top\"><div class=\"uagb-ifb-content\"><div class=\"uagb-ifb-icon-wrap\"><svg xmlns=\"https:\/\/www.w3.org\/2000\/svg\" viewBox=\"0 0 576 512\"><path d=\"M511.8 287.6L512.5 447.7C512.5 450.5 512.3 453.1 512 455.8V472C512 494.1 494.1 512 472 512H456C454.9 512 453.8 511.1 452.7 511.9C451.3 511.1 449.9 512 448.5 512H392C369.9 512 352 494.1 352 472V384C352 366.3 337.7 352 320 352H256C238.3 352 224 366.3 224 384V472C224 494.1 206.1 512 184 512H128.1C126.6 512 125.1 511.9 123.6 511.8C122.4 511.9 121.2 512 120 512H104C81.91 512 64 494.1 64 472V360C64 359.1 64.03 358.1 64.09 357.2V287.6H32.05C14.02 287.6 0 273.5 0 255.5C0 246.5 3.004 238.5 10.01 231.5L266.4 8.016C273.4 1.002 281.4 0 288.4 0C295.4 0 303.4 2.004 309.5 7.014L416 100.7V64C416 46.33 430.3 32 448 32H480C497.7 32 512 46.33 512 64V185L564.8 231.5C572.8 238.5 576.9 246.5 575.8 255.5C575.8 273.5 560.8 287.6 543.8 287.6L511.8 287.6z\"><\/path><\/svg><\/div><div class=\"uagb-ifb-title-wrap\"><h3 class=\"uagb-ifb-title\">Servicios de gesti\u00f3n de la propiedad<\/h3><\/div><p class=\"uagb-ifb-desc\">Haz clic aqui para cambiar este texto. Lorem ipsum dolor sit amet, consectetur adipiscing elit. Ut elit tellus, luctus nec ullamcorper mattis, pulvinar dapibus leo.<\/p><\/div><\/div>\n\n\n\n<div class=\"wp-block-uagb-container uagb-block-9c962170 alignfull uagb-is-root-container\"><div class=\"uagb-container-inner-blocks-wrap\">\n<p><\/p>\n\n\n\n<div class=\"wp-block-uagb-container uagb-block-f5e130be\">\n<div class=\"wp-block-uagb-container uagb-block-37209bd4\">\n<div class=\"wp-block-uagb-info-box uagb-block-57de98ed uagb-infobox__content-wrap  uagb-infobox-icon-above-title uagb-infobox-image-valign-top\"><div class=\"uagb-ifb-content\"><div class=\"uagb-ifb-image-content\"><img decoding=\"async\" src=\"http:\/\/lacostaholidays.com\/wp-content\/uploads\/2023\/11\/camera-aperture-digital-camera-1239384.jpg\" alt=\"camera, aperture, digital camera-1239384.jpg\" width=\"1280\" height=\"853\" loading=\"lazy\"\/><\/div><div class=\"uagb-ifb-title-wrap\"><h4 class=\"uagb-ifb-title\"><strong>Reservas y Comunicaci\u00f3n<\/strong><\/h4><\/div><p class=\"uagb-ifb-desc\">Gesti\u00f3n de reservas y calendarios.<br><br>Comunicaci\u00f3n con los hu\u00e9spedes antes, durante y despu\u00e9s de su estancia.<br><br>Verificaci\u00f3n de los hu\u00e9spedes para garantizar la seguridad y el cumplimiento de las normas.<\/p><\/div><\/div>\n<\/div>\n\n\n\n<div class=\"wp-block-uagb-container uagb-block-9002def3\">\n<div class=\"wp-block-uagb-info-box uagb-block-cf52724a uagb-infobox__content-wrap  uagb-infobox-icon-above-title uagb-infobox-image-valign-top\"><div class=\"uagb-ifb-content\"><div class=\"uagb-ifb-image-content\"><img decoding=\"async\" src=\"http:\/\/lacostaholidays.com\/wp-content\/uploads\/2023\/11\/architecture-building-room-2576906.jpg\" alt=\"architecture, building, room-2576906.jpg\" width=\"1280\" height=\"853\" loading=\"lazy\"\/><\/div><div class=\"uagb-ifb-title-wrap\"><h4 class=\"uagb-ifb-title\"><strong>Check-in y Check-out:<\/strong><\/h4><\/div><p class=\"uagb-ifb-desc\">Coordinaci\u00f3n de la llegada y salida de los hu\u00e9spedes.<br><br>Entrega y recogida de llaves.<br><br>Demostraci\u00f3n del funcionamiento de los electrodom\u00e9sticos y caracter\u00edsticas de la propiedad.<\/p><\/div><\/div>\n<\/div>\n\n\n\n<div class=\"wp-block-uagb-container uagb-block-ee87b03d\">\n<div class=\"wp-block-uagb-info-box uagb-block-d1b27190 uagb-infobox__content-wrap  uagb-infobox-icon-above-title uagb-infobox-image-valign-top\"><div class=\"uagb-ifb-content\"><div class=\"uagb-ifb-image-content\"><img decoding=\"async\" src=\"http:\/\/lacostaholidays.com\/wp-content\/uploads\/2023\/11\/cleanliness-maid-maintains-2799475.jpg\" alt=\"cleanliness, maid, maintains-2799475.jpg\" width=\"1280\" height=\"853\" loading=\"lazy\"\/><\/div><div class=\"uagb-ifb-title-wrap\"><h4 class=\"uagb-ifb-title\">Mantenimiento y Limpieza<\/h4><\/div><p class=\"uagb-ifb-desc\">Servicios de limpieza antes y despu\u00e9s de cada alquiler.<br><br>Mantenimiento regular y reparaciones necesarias.<br><br>Inspecciones de propiedad para asegurar que todo est\u00e9 en orden.<\/p><\/div><\/div>\n<\/div>\n<\/div>\n\n\n\n<div class=\"wp-block-uagb-container uagb-block-2fa5fbbb\">\n<div class=\"wp-block-uagb-container uagb-block-74437afd\">\n<div class=\"wp-block-uagb-info-box uagb-block-b30eff43 uagb-infobox__content-wrap  uagb-infobox-icon-above-title uagb-infobox-image-valign-top\"><div class=\"uagb-ifb-content\"><div class=\"uagb-ifb-image-content\"><img decoding=\"async\" src=\"http:\/\/lacostaholidays.com\/wp-content\/uploads\/2023\/11\/camera-aperture-digital-camera-1239384.jpg\" alt=\"camera, aperture, digital camera-1239384.jpg\" width=\"1280\" height=\"853\" loading=\"lazy\"\/><\/div><div class=\"uagb-ifb-title-wrap\"><h4 class=\"uagb-ifb-title\"><strong>Gesti\u00f3n de Anuncios<\/strong><\/h4><\/div><p class=\"uagb-ifb-desc\">Creaci\u00f3n y gesti\u00f3n de anuncios en plataformas de alquiler vacacional.<br><br>Fotograf\u00eda profesional para destacar la propiedad.<br><br>Redacci\u00f3n de descripciones atractivas.<\/p><\/div><\/div>\n<\/div>\n\n\n\n<div class=\"wp-block-uagb-info-box uagb-block-c7a5cfec uagb-infobox__content-wrap  uagb-infobox-icon-above-title uagb-infobox-image-valign-top\"><div class=\"uagb-ifb-content\"><div class=\"uagb-ifb-image-content\"><img decoding=\"async\" src=\"http:\/\/lacostaholidays.com\/wp-content\/uploads\/2023\/11\/architecture-building-room-2576906.jpg\" alt=\"architecture, building, room-2576906.jpg\" width=\"1280\" height=\"853\" loading=\"lazy\"\/><\/div><div class=\"uagb-ifb-title-wrap\"><h4 class=\"uagb-ifb-title\"><strong>Soporte Legal y Fiscal:<\/strong><\/h4><\/div><p class=\"uagb-ifb-desc\">Asesoramiento sobre regulaciones locales de alquiler tur\u00edstico.<br><br>Ayuda con la declaraci\u00f3n de ingresos y gesti\u00f3n de impuestos relacionados con el alquiler.<\/p><\/div><\/div>\n\n\n\n<div class=\"wp-block-uagb-container uagb-block-afd0b41d\">\n<div class=\"wp-block-uagb-info-box uagb-block-78fb3057 uagb-infobox__content-wrap  uagb-infobox-icon-above-title uagb-infobox-image-valign-top\"><div class=\"uagb-ifb-content\"><div class=\"uagb-ifb-image-content\"><img decoding=\"async\" src=\"http:\/\/lacostaholidays.com\/wp-content\/uploads\/2023\/11\/cleanliness-maid-maintains-2799475.jpg\" alt=\"cleanliness, maid, maintains-2799475.jpg\" width=\"1280\" height=\"853\" loading=\"lazy\"\/><\/div><div class=\"uagb-ifb-title-wrap\"><h4 class=\"uagb-ifb-title\"><strong>Marketing y Promoci\u00f3n:<\/strong><br><\/h4><\/div><p class=\"uagb-ifb-desc\">Estrategias de marketing para promocionar la propiedad.<br>Promociones y ofertas especiales para aumentar la ocupaci\u00f3n en temporada baja.<\/p><\/div><\/div>\n<\/div>\n<\/div>\n<\/div><\/div>\n\n\n\n<div class=\"wp-block-uagb-container uagb-block-c51243ad alignfull uagb-is-root-container\"><div class=\"uagb-container-inner-blocks-wrap\">\n<div class=\"wp-block-uagb-container uagb-block-a7c19bc4\">\n<div class=\"wp-block-uagb-advanced-heading uagb-block-be84617a\"><h3 class=\"uagb-heading-text\">Get started with lorem ipsum dolor sit amet consectetur.\u200b<\/h3><\/div>\n<\/div>\n\n\n\n<div class=\"wp-block-uagb-container uagb-block-fc270ba3\">\n<div class=\"wp-block-uagb-buttons uagb-buttons__outer-wrap uagb-btn__default-btn uagb-btn-tablet__default-btn uagb-btn-mobile__default-btn uagb-block-d5ea7c05\"><div class=\"uagb-buttons__wrap uagb-buttons-layout-wrap\">\n<div class=\"wp-block-uagb-buttons-child uagb-buttons__outer-wrap uagb-block-b34bd5ef wp-block-button\"><div class=\"uagb-button__wrapper\"><a class=\"uagb-buttons-repeater wp-block-button__link\" href=\"#\" onclick=\"return false;\" rel=\"follow noopener\" target=\"_self\"><div class=\"uagb-button__link\">Learn More<\/div><\/a><\/div><\/div>\n<\/div><\/div>\n<\/div>\n<\/div><\/div>\n","protected":false},"excerpt":{"rendered":"<p>Get started with lorem ipsum dolor sit amet consectetur.\u200b<\/p>\n","protected":false},"author":1,"featured_media":0,"parent":0,"menu_order":0,"comment_status":"closed","ping_status":"closed","template":"","meta":{"om_disable_all_campaigns":false,"_uag_custom_page_level_css":"","_monsterinsights_skip_tracking":false,"_monsterinsights_sitenote_active":false,"_monsterinsights_sitenote_note":"","_monsterinsights_sitenote_category":0,"site-sidebar-layout":"no-sidebar","site-content-layout":"plain-container","ast-site-content-layout":"normal-width-container","site-content-style":"unboxed","site-sidebar-style":"unboxed","ast-global-header-display":"","ast-banner-title-visibility":"","ast-main-header-display":"","ast-hfb-above-header-display":"","ast-hfb-below-header-display":"","ast-hfb-mobile-header-display":"","site-post-title":"disabled","ast-breadcrumbs-content":"","ast-featured-img":"disabled","footer-sml-layout":"","theme-transparent-header-meta":"enabled","adv-header-id-meta":"","stick-header-meta":"","header-above-stick-meta":"","header-main-stick-meta":"","header-below-stick-meta":"","astra-migrate-meta-layouts":"set","ast-page-background-enabled":"default","ast-page-background-meta":{"desktop":{"background-color":"","background-image":"","background-repeat":"repeat","background-position":"center center","background-size":"auto","background-attachment":"scroll","background-type":"","background-media":"","overlay-type":"","overlay-color":"","overlay-gradient":""},"tablet":{"background-color":"","background-image":"","background-repeat":"repeat","background-position":"center center","background-size":"auto","background-attachment":"scroll","background-type":"","background-media":"","overlay-type":"","overlay-color":"","overlay-gradient":""},"mobile":{"background-color":"","background-image":"","background-repeat":"repeat","background-position":"center center","background-size":"auto","background-attachment":"scroll","background-type":"","background-media":"","overlay-type":"","overlay-color":"","overlay-gradient":""}},"ast-content-background-meta":{"desktop":{"background-color":"var(--ast-global-color-5)","background-image":"","background-repeat":"repeat","background-position":"center center","background-size":"auto","background-attachment":"scroll","background-type":"","background-media":"","overlay-type":"","overlay-color":"","overlay-gradient":""},"tablet":{"background-color":"var(--ast-global-color-5)","background-image":"","background-repeat":"repeat","background-position":"center center","background-size":"auto","background-attachment":"scroll","background-type":"","background-media":"","overlay-type":"","overlay-color":"","overlay-gradient":""},"mobile":{"background-color":"var(--ast-global-color-5)","background-image":"","background-repeat":"repeat","background-position":"center center","background-size":"auto","background-attachment":"scroll","background-type":"","background-media":"","overlay-type":"","overlay-color":"","overlay-gradient":""}},"footnotes":""},"aioseo_notices":[],"uagb_featured_image_src":{"full":false,"thumbnail":false,"medium":false,"medium_large":false,"large":false,"1536x1536":false,"2048x2048":false},"uagb_author_info":{"display_name":"lacostaholidays.com","author_link":"https:\/\/lacostaholidays.com\/author\/lacostaholidays-com\/"},"uagb_comment_info":0,"uagb_excerpt":"Get started with lorem ipsum dolor sit amet consectetur.\u200b","_links":{"self":[{"href":"https:\/\/lacostaholidays.com\/wp-json\/wp\/v2\/pages\/960"}],"collection":[{"href":"https:\/\/lacostaholidays.com\/wp-json\/wp\/v2\/pages"}],"about":[{"href":"https:\/\/lacostaholidays.com\/wp-json\/wp\/v2\/types\/page"}],"author":[{"embeddable":true,"href":"https:\/\/lacostaholidays.com\/wp-json\/wp\/v2\/users\/1"}],"replies":[{"embeddable":true,"href":"https:\/\/lacostaholidays.com\/wp-json\/wp\/v2\/comments?post=960"}],"version-history":[{"count":9,"href":"https:\/\/lacostaholidays.com\/wp-json\/wp\/v2\/pages\/960\/revisions"}],"predecessor-version":[{"id":1919,"href":"https:\/\/lacostaholidays.com\/wp-json\/wp\/v2\/pages\/960\/revisions\/1919"}],"wp:attachment":[{"href":"https:\/\/lacostaholidays.com\/wp-json\/wp\/v2\/media?parent=960"}],"curies":[{"name":"wp","href":"https:\/\/api.w.org\/{rel}","templated":true}]}}